{"id":365,"date":"2017-10-14T06:56:28","date_gmt":"2017-10-14T06:56:28","guid":{"rendered":"http:\/\/www.visioncr.es\/?page_id=365"},"modified":"2018-06-28T06:39:00","modified_gmt":"2018-06-28T06:39:00","slug":"demos-2","status":"publish","type":"page","link":"http:\/\/www.visioncr.es\/index.php\/demos-2\/","title":{"rendered":"Demos"},"content":{"rendered":"<p><strong>SORTEOS<\/strong>: Durante la 1a Semana de la Visi\u00f3n por Computador se realizar\u00e1n tres (3) sorteos (los d\u00edas 8, 9 y 10 de noviembre de 2017) y en cada uno de ellos se otorgar\u00e1 un premio consistente en una tarjeta regalo de Amazon valorada en cincuenta euros (50 \u20ac)<a href=\"http:\/\/www.visioncr.es\/wp-content\/uploads\/2017\/11\/BasesSorteosDemos.pdf\"> Ver las Bases Sorteos Demos<\/a><br \/>\n<strong>Premiados<\/strong>: Luc\u00eda S\u00e1nchez M., Vida S\u00e1nchez del C., Andr\u00e9s F. Pastor.<\/p>\n<p>Ver fotos de las Demos:<br \/>\n<a class=\"btn btn-lg btn-success\" href=\"http:\/\/www.visioncr.es\/index.php\/galeria#casino\"><i class=\"fa fa-camera-retro fa-2x pull-left\"><\/i>Casino<\/a> <a class=\"btn btn-lg btn-success\" href=\"http:\/\/www.visioncr.es\/index.php\/galeria#expo\"><i class=\"fa fa-camera-retro fa-2x pull-left\"><\/i>Biblioteca<\/a> <a class=\"btn btn-lg btn-success\" href=\"http:\/\/www.visioncr.es\/index.php\/galeria#demosantatecla\"><i class=\"fa fa-camera-retro fa-2x pull-left\"><\/i>Santa Tecla<\/a><\/p>\n<p>Ver v\u00eddeos de las Demos<br \/>\n<a class=\"btn btn-lg btn-success\" href=\"https:\/\/youtu.be\/9V5-MB8Xu0I\" target=\"_blank\" rel=\"noopener\"><i class=\"fa fa-youtube-play fa-2x pull-left\"><\/i>Casino<\/a> <a class=\"btn btn-lg btn-success\" href=\"https:\/\/youtu.be\/f71T3p33vEA\" target=\"_blank\" rel=\"noopener\"><i class=\"fa fa-youtube-play fa-2x pull-left\"><\/i>Santa Tecla<\/a><\/p>\n<h3>Playground<\/h3>\n<p>En este entorno podr\u00e1s ver en acci\u00f3n varias t\u00e9cnicas que se utilizan en la visi\u00f3n por computador de forma interactiva.<\/p>\n<p style=\"padding-left: 30px;\"><a href=\"http:\/\/www.visioncr.es\/wp-content\/uploads\/playground\/Playground_v1.0.zip\">\u00a1Pru\u00e9balo!<\/a><\/p>\n<h3>Google Cloud Platform<\/h3>\n<p>En esta p\u00e1gina puedes probar gratuitamente las posibilidades de la tecnolog\u00eda m\u00e1s reciente de Google para el an\u00e1lisis de imagen. \u00a1Impresionante!<\/p>\n<p style=\"padding-left: 30px;\"><a href=\"https:\/\/cloud.google.com\/vision\/?hl=es\" target=\"_blank\" rel=\"noopener\">\u00a1Pru\u00e9balo!<\/a><\/p>\n<h3>Google Teachable Machine<\/h3>\n<p>Este experimento de Google te permite entrenar el sistema mediante im\u00e1genes para que interact\u00fae con las personas u objetos que reconoce.<\/p>\n<p style=\"padding-left: 30px;\"><a href=\"https:\/\/teachablemachine.withgoogle.com\/\" target=\"_blank\" rel=\"noopener\">\u00a1Pru\u00e9balo!<\/a><\/p>\n<h3>Redes Neuronales en funcionamiento<\/h3>\n<p>En esta demo puedes dibujar n\u00fameros y \u00abver\u00bb como una red previamente entrenada decide qu\u00e9 n\u00famero has dibujado.<\/p>\n<p style=\"padding-left: 30px;\"><a href=\"http:\/\/scs.ryerson.ca\/~aharley\/vis\/conv\/flat.html\" target=\"_blank\" rel=\"noopener\">\u00a1Pru\u00e9balo!<\/a><\/p>\n<h3>Celebs Like Me<\/h3>\n<p>\u00a1Descubre a qu\u00e9 famoso te pareces con esta curiosa web de Microsoft!<\/p>\n<p style=\"padding-left: 30px;\"><a href=\"https:\/\/www.celebslike.me\/\" target=\"_blank\" rel=\"noopener\">\u00a1Pru\u00e9balo!<\/a><\/p>\n<h3>DeepWarp<\/h3>\n<p>En esta demo puedes comprobar como un algoritmo es capaz de modificar la mirada de una fotograf\u00eda. \u00a1Asombroso!<\/p>\n<p style=\"padding-left: 30px;\"><a href=\"http:\/\/163.172.78.19\/\" target=\"_blank\" rel=\"noopener\">\u00a1Pru\u00e9balo!<\/a><\/p>\n<hr \/>\n<h3>Ilusiones \u00f3pticas<\/h3>\n<p>Descubre algunas de las ilusiones \u00f3pticas m\u00e1s sorprendentes y entiende el funcionamiento de algunas de ellas.<\/p>\n<p style=\"padding-left: 30px;\"><a href=\"http:\/\/www.magicmgmt.com\/gary\/oi\/index.html\" target=\"_blank\" rel=\"noopener\">Ilusiones c\u00e9lebres explicadas<\/a><\/p>\n<h3>Escaneado 3D y juegos Kinect<\/h3>\n<p>Observa c\u00f3mo se utiliza el sensor de profundidad de la Kinect para generar un modelo 3D de ti mismo y algunos juegos en los que se emplea esta tecnolog\u00eda para detectar y reconocer el movimiento de los jugadores.<\/p>\n<p style=\"padding-left: 30px;\"><span style=\"color: #999999;\">Prueba esta demo en la 1\u00aa semana de la visi\u00f3n por computador.<\/span><\/p>\n<h3>Realidad Virtual<\/h3>\n<p>Interact\u00faa con un mundo virtual como si fuese real gracias a las gafas Oculus Rift y el sensor Leap Motion.<\/p>\n<p style=\"padding-left: 30px;\"><span style=\"color: #999999;\">Prueba esta demo en la 1\u00aa semana de la visi\u00f3n por computador.<\/span><\/p>\n<h3>V\u00eddeos 3D<\/h3>\n<p>Prueba el efecto tridimensional creado en una imagen 2D (anaglifos) utilizando gafas con lentes rojo y azul.<\/p>\n<p style=\"padding-left: 30px;\"><span style=\"color: #999999;\">Prueba esta demo en casa con las gafas bicrom\u00e1ticas de la 1\u00aa semana de la visi\u00f3n por computador.<\/span><\/p>\n<p><iframe loading=\"lazy\" src=\"https:\/\/www.youtube.com\/embed\/zyv7hhRTIh4?rel=0&amp;showinfo=0\" width=\"560\" height=\"315\" frameborder=\"0\" allowfullscreen=\"allowfullscreen\"><\/iframe><br \/>\n<iframe loading=\"lazy\" src=\"https:\/\/www.youtube.com\/embed\/uKujOudUk0w?rel=0\" width=\"560\" height=\"315\" frameborder=\"0\" allowfullscreen=\"allowfullscreen\"><\/iframe><br \/>\n<iframe loading=\"lazy\" src=\"https:\/\/www.youtube.com\/embed\/aJ9tsb2yqUc?rel=0\" width=\"560\" height=\"315\" frameborder=\"0\" allowfullscreen=\"allowfullscreen\"><\/iframe><br \/>\n<iframe loading=\"lazy\" src=\"https:\/\/www.youtube.com\/embed\/8Ai7Gi0GKtE?rel=0\" width=\"560\" height=\"315\" frameborder=\"0\" allowfullscreen=\"allowfullscreen\"><\/iframe><br \/>\n<iframe loading=\"lazy\" src=\"https:\/\/www.youtube.com\/embed\/sg1crTYn9TE?rel=0\" width=\"560\" height=\"315\" frameborder=\"0\" allowfullscreen=\"allowfullscreen\"><\/iframe><br \/>\n<iframe loading=\"lazy\" src=\"https:\/\/www.youtube.com\/embed\/Hc0oYHx198U?rel=0\" width=\"560\" height=\"315\" frameborder=\"0\" allowfullscreen=\"allowfullscreen\"><\/iframe><\/p>\n","protected":false},"excerpt":{"rendered":"<p>SORTEOS: Durante la 1a Semana de la Visi\u00f3n por Computador se realizar\u00e1n tres (3) sorteos (los d\u00edas 8, 9 y 10 de noviembre de 2017) y en cada uno de ellos se otorgar\u00e1 un premio consistente en una tarjeta regalo de Amazon valorada en cincuenta euros (50 \u20ac) Ver las Bases Sorteos Demos Premiados: Luc\u00eda <a href=\"http:\/\/www.visioncr.es\/index.php\/demos-2\/\" rel=\"nofollow\"><span class=\"sr-only\">Leer m\u00e1sDemos<\/span>[&hellip;]<\/a><\/p>\n","protected":false},"author":1,"featured_media":0,"parent":0,"menu_order":0,"comment_status":"closed","ping_status":"closed","template":"","meta":{"footnotes":""},"class_list":["post-365","page","type-page","status-publish","hentry"],"_links":{"self":[{"href":"http:\/\/www.visioncr.es\/index.php\/wp-json\/wp\/v2\/pages\/365","targetHints":{"allow":["GET"]}}],"collection":[{"href":"http:\/\/www.visioncr.es\/index.php\/wp-json\/wp\/v2\/pages"}],"about":[{"href":"http:\/\/www.visioncr.es\/index.php\/wp-json\/wp\/v2\/types\/page"}],"author":[{"embeddable":true,"href":"http:\/\/www.visioncr.es\/index.php\/wp-json\/wp\/v2\/users\/1"}],"replies":[{"embeddable":true,"href":"http:\/\/www.visioncr.es\/index.php\/wp-json\/wp\/v2\/comments?post=365"}],"version-history":[{"count":35,"href":"http:\/\/www.visioncr.es\/index.php\/wp-json\/wp\/v2\/pages\/365\/revisions"}],"predecessor-version":[{"id":845,"href":"http:\/\/www.visioncr.es\/index.php\/wp-json\/wp\/v2\/pages\/365\/revisions\/845"}],"wp:attachment":[{"href":"http:\/\/www.visioncr.es\/index.php\/wp-json\/wp\/v2\/media?parent=365"}],"curies":[{"name":"wp","href":"https:\/\/api.w.org\/{rel}","templated":true}]}}