{"id":29,"date":"2017-10-11T14:39:25","date_gmt":"2017-10-11T14:39:25","guid":{"rendered":"http:\/\/www.visioncr.es\/?page_id=29"},"modified":"2018-01-22T15:23:43","modified_gmt":"2018-01-22T15:23:43","slug":"medios","status":"publish","type":"page","link":"http:\/\/www.visioncr.es\/index.php\/medios\/","title":{"rendered":"Medios"},"content":{"rendered":"<ul>\n<li style=\"list-style-type: none;\">\n<ul>\n<li>[FIN-PROYECTO] Actividad de los Grupos Tem\u00e1ticos &#8211; Visi\u00f3n por Computador. <a href=\"http:\/\/intranet.ceautomatica.es\/sites\/default\/files\/upload\/8\/files\/BOLETINES_CEA\/Boletin_CEA_Diciembre_2017.pdf\" target=\"_blank\" rel=\"noopener\">Bolet\u00edn\u00a0 CEA<\/a> &#8211; Comit\u00e9 Espa\u00f1ol de Autom\u00e1tica, diciembre 2017, www-ceautomatica.es, p\u00e1g. 11.<\/li>\n<\/ul>\n<\/li>\n<\/ul>\n<p>&nbsp;<\/p>\n<ul>\n<li style=\"list-style-type: none;\">\n<ul>\n<li>Un experto acerca a los alumnos de la UCLM los peligros de las nuevas tecnolog\u00edas y c\u00f3mo ayudan a la persecuci\u00f3n de delitos. 15\/12\/2017 <a href=\"http:\/\/www.lanzadigital.com\/provincia\/ciudad-real\/experto-acerca-los-alumnos-la-uclm-los-peligros-las-nuevas-tecnologias-ayudan-la-persecucion-delitos\/\" target=\"_blank\" rel=\"noopener\">Lanza<\/a>, <a href=\"http:\/\/agencias.abc.es\/agencias\/noticia.asp?noticia=2690360\" target=\"_blank\" rel=\"noopener\">ABC.es Agencias<\/a>, <a href=\"http:\/\/entomelloso.com\/experto-acerca-los-alumnos-la-uclm-los-peligros-las-nuevas-tecnologias-ayudan-la-persecucion-delitos\/\" target=\"_blank\" rel=\"noopener\">enTomelloso.com<\/a>.<\/li>\n<\/ul>\n<\/li>\n<\/ul>\n<p>&nbsp;<\/p>\n<ul>\n<li style=\"list-style-type: none;\">\n<ul>\n<li>Incansable visi\u00f3n artificial cuyo reto es comprender cada vez mejor lo que ve. 10\/11\/2017 <a href=\"http:\/\/www.lanzadigital.com\/cultura\/incansable-vision-artificial-cuyo-reto-comprender-vez-mejor-lo-ve\/\" target=\"_blank\" rel=\"noopener\">Lanza<\/a>.<\/li>\n<\/ul>\n<\/li>\n<\/ul>\n<p>&nbsp;<\/p>\n<ul>\n<li style=\"list-style-type: none;\">\n<ul>\n<li>Los veh\u00edculos aut\u00f3nomos cada vez m\u00e1s cerca, seg\u00fan un experto de la Universidad Carlos III. 9\/11\/2017. <a href=\"http:\/\/www.lanzadigital.com\/provincia\/ciudad-real\/los-vehiculos-autonomos-vez-mas-cerca-segun-experto-la-universidad-carlos-iii\/\" target=\"_blank\" rel=\"noopener\">Lanza<\/a>, <a href=\"http:\/\/ciudadrealdigital.es\/noticias\/38165\/Los\/vehiculos\/autonomos\/cada\/vez\/mas\/cerca\" target=\"_blank\" rel=\"noopener\">Ciudad Real Digital<\/a>,\u00a0<a href=\"http:\/\/www.lacomarcadepuertollano.com\/diario\/noticia\/2017_11_09\/17\" target=\"_blank\" rel=\"noopener\">La Comarca<\/a>.<\/li>\n<\/ul>\n<\/li>\n<\/ul>\n<p>&nbsp;<\/p>\n<ul>\n<li style=\"list-style-type: none;\">\n<ul>\n<li>Agenda de noviembre, 2017. Publicado en la plataforma de eventos: <a href=\"https:\/\/www.evensi.com\/i-semana-de-la-vision-por-computador-uclm-ciudad-real\/231500753\" target=\"_blank\" rel=\"noopener\">Evensi<\/a>,\u00a0<a href=\"https:\/\/www.scribd.com\/document\/363937981\/Agenda-El-CRisol-noviembre#download\" target=\"_blank\" rel=\"noopener\">El Crisol<\/a>.<\/li>\n<\/ul>\n<\/li>\n<\/ul>\n<p>&nbsp;<\/p>\n<ul>\n<li style=\"list-style-type: none;\">\n<ul>\n<li>La visi\u00f3n por computador ha dejado de ser un tema exclusivamente acad\u00e9mico. 8\/11\/2017. <a href=\"https:\/\/www.facebook.com\/NoticiasCMM\/videos\/528074760880024\/\" target=\"_blank\" rel=\"noopener\">Informativos Castilla-La Mancha<\/a>.<\/li>\n<\/ul>\n<\/li>\n<\/ul>\n<p>&nbsp;<\/p>\n<ul>\n<li style=\"list-style-type: none;\">\n<ul>\n<li>Primera Semana de la Visi\u00f3n por Computador. 08\/11\/2017. Publicado por: <a href=\"https:\/\/youtu.be\/BrOmKeVy58w?rel=0\" target=\"_blank\" rel=\"noopener\">CRTV<\/a>.<\/li>\n<\/ul>\n<\/li>\n<\/ul>\n<p><iframe loading=\"lazy\" src=\"https:\/\/www.youtube.com\/embed\/BrOmKeVy58w?rel=0\" width=\"560\" height=\"315\" frameborder=\"0\" allowfullscreen=\"allowfullscreen\"><\/iframe><\/p>\n<p>&nbsp;<\/p>\n<ul>\n<li style=\"list-style-type: none;\">\n<ul>\n<li>Con los ojos puestos en Matrix. 06\/11\/2017. Publicado por: <a href=\"http:\/\/www.latribunadeciudadreal.es\/Noticia\/ZBB810D3E-B66C-2F21-6AED5ECC55F351AF\/Con-los-ojos-puestos-en-Matrix\" target=\"_blank\" rel=\"noopener\">La Tribuna<\/a>.<\/li>\n<\/ul>\n<\/li>\n<\/ul>\n<p>&nbsp;<\/p>\n<ul>\n<li style=\"list-style-type: none;\">\n<ul>\n<li>Talle-Reto de Visi\u00f3n por computador para alumnos de secundaria. 06\/11\/2017. Publicado por: <a href=\"http:\/\/www.maestrojuandeavila.es\/2017\/06\/27\/libros-de-texto\/\" target=\"_blank\" rel=\"noopener\">IES Maestro Juan de \u00c1vila<\/a>, <a href=\"http:\/\/www.csanjose.org\/index.php\/etapas\/ed-secundaria\/bachillerato\/item\/181-07-11-2017-taller-reto-de-introduccion-a-la-vision-por-computador-1-bachillerato\" target=\"_blank\" rel=\"noopener\">Col. San Jos\u00e9<\/a>, <a href=\"http:\/\/ies-atenea.com\/wordpress\/page\/2\/\" target=\"_blank\" rel=\"noopener\">IES Atenea<\/a>.<\/li>\n<\/ul>\n<\/li>\n<\/ul>\n<p>&nbsp;<\/p>\n<ul>\n<li style=\"list-style-type: none;\">\n<ul>\n<li>Podcast del programa de radio \u00abLas 2 miradas\u00bb con Mayra Herrero y Juan Solo. 06\/11\/2017. Publicado por: <a href=\"http:\/\/www.cmmedia.es\/programas\/radio\/las-dos-miradas\/podcasts\/0_5s9vcm03\/\" target=\"_blank\" rel=\"noopener\">Radio Castilla-La Mancha<\/a>. Desde el minuto 28:40.<\/li>\n<\/ul>\n<\/li>\n<\/ul>\n<p>&nbsp;<\/p>\n<ul>\n<li style=\"list-style-type: none;\">\n<ul>\n<li>La UCLM celebra en Ciudad Real del 6 al 11 de noviembre la 1\u00aa Semana de la Visi\u00f3n por Computador. 06\/11\/2017. Publicado por: <a href=\"https:\/\/www.liberaldecastilla.com\/la-uclm-celebra-ciudad-real-del-6-al-11-noviembre-la-1a-semana-la-vision-computador\/\" target=\"_blank\" rel=\"noopener\">El Liberal de Castilla<\/a>.<\/li>\n<\/ul>\n<\/li>\n<\/ul>\n<p>&nbsp;<\/p>\n<ul>\n<li style=\"list-style-type: none;\">\n<ul>\n<li>UCLM celebrar\u00e1 la primera Semana de la Visi\u00f3n por Computador. 03\/11\/2017. Publicado por: <a href=\"https:\/\/www.clm24.es\/articulo\/ciudad-real\/uclm-celebrara-primera-semana-vision-computador\/20171103155124179436.html\" target=\"_blank\" rel=\"noopener\">CLM24<\/a>.<\/li>\n<\/ul>\n<\/li>\n<\/ul>\n<p>&nbsp;<\/p>\n<ul>\n<li style=\"list-style-type: none;\">\n<ul>\n<li>\u00bfSabes c\u00f3mo funciona la visi\u00f3n artificial de m\u00f3viles y tabletas?. 03\/11\/2017. Publicado por: <a href=\"https:\/\/somoscastillalamancha.com\/cr\/ciudad-real\/sabes-como-funciona-la-vision-artificial-de-moviles-y-tabletas\/\" target=\"_blank\" rel=\"noopener\">Somos CLM<\/a>.<\/li>\n<\/ul>\n<\/li>\n<\/ul>\n<p>&nbsp;<\/p>\n<ul>\n<li style=\"list-style-type: none;\">\n<ul>\n<li>I semana de la Visi\u00f3n por Computador con la UCLM. Conferencia en el Colegio: \u00abVisi\u00f3n por Computador en los Veh\u00edculos Aut\u00f3nomos. 03\/11\/2017. Publicado por: <a href=\"http:\/\/portal.coiim.es\/comunicacion\/agenda\/i-semana-de-la-vision-por-computador-con-la-uclm-conferencia-en-el-colegio-vision-por-computador-en-los-vehiculos-autonomos-114\" target=\"_blank\" rel=\"noopener\">Colegio Oficial de Ingenieros Industriales de Madrid<\/a>.<\/li>\n<\/ul>\n<\/li>\n<\/ul>\n<p>&nbsp;<\/p>\n<ul>\n<li style=\"list-style-type: none;\">\n<ul>\n<li>C\u00f3mo ven las m\u00e1quinas y las m\u00faltiples aplicaciones de su informaci\u00f3n visual. 08\/11\/2017. Publicado por: <a href=\"http:\/\/www.lanzadigital.com\/provincia\/ciudad-real\/ven-las-maquinas-las-multiples-aplicaciones-informacion-visual\/\" target=\"_blank\" rel=\"noopener\">Lanza<\/a>.<\/li>\n<\/ul>\n<\/li>\n<\/ul>\n<p>&nbsp;<\/p>\n<ul>\n<li style=\"list-style-type: none;\">\n<ul>\n<li>La UCLM celebra en Ciudad Real del 6 al 11 de noviembre la 1\u00aa Semana de la Visi\u00f3n por Computador. 03\/11\/2017. Publicado por: <a href=\"https:\/\/www.uclm.es\/noticias\/noticias2017\/noviembre2017\/ciudad-real\/1semana_vision_computador\" target=\"_blank\" rel=\"noopener\">Noticias UCLM<\/a>,\u00a0<a href=\"http:\/\/www.lanzadigital.com\/provincia\/ciudad-real\/la-uclm-celebra-ciudad-real-del-6-al-11-noviembre-la-1a-semana-la-vision-computador\/\" target=\"_blank\" rel=\"noopener\">Lanza Digital<\/a> &#8211; <a href=\"http:\/\/www.ciudadrealdigital.es\/noticias\/37932\/La\/UCLM\/celebra\/en\/Ciudad\/Real\/del\/6\/al\/11\/de\/noviembre\/la\/1\/Semana\/de\/la\/Vision\/por\/Computador\" target=\"_blank\" rel=\"noopener\">Ciudad Real Digital<\/a> &#8211; <a href=\"https:\/\/noticiasciudadreal.com\/2017\/11\/03\/la-uclm-celebra-en-ciudad-real-la-1a-semana-de-la-vision-por-computador\/\" target=\"_blank\" rel=\"noopener\">Noticias Ciudad Real<\/a>.<\/li>\n<\/ul>\n<\/li>\n<\/ul>\n<p>&nbsp;<\/p>\n<ul>\n<li style=\"list-style-type: none;\">\n<ul>\n<li>Primera Semana de la Visi\u00f3n por Computador. 22\/10\/2017. Publicado por: <a href=\"http:\/\/intranet.ceautomatica.es\/en\/node\/10797\" target=\"_blank\" rel=\"noopener\">CEA Autom\u00e1tica<\/a>.<\/li>\n<\/ul>\n<\/li>\n<\/ul>\n<p>&nbsp;<\/p>\n<ul>\n<li style=\"list-style-type: none;\">\n<ul>\n<li>[INICIO-PROYECTO] La UCLM obtiene 84.000 euros para divulgaci\u00f3n cient\u00edfica, ocho veces m\u00e1s que en 2016. 03\/02\/2017. Publicado por: <a href=\"http:\/\/www.uclmtv.uclm.es\/la-uclm-obtiene-84-000-euros-para-divulgacion-cientifica-ocho-veces-mas-que-en-2016\/\" target=\"_blank\" rel=\"noopener\">uclmtv<\/a>, <a href=\"https:\/\/www.20minutos.es\/noticia\/2951087\/0\/uclm-obtiene-84-000-euros-para-divulgacion-cientifica-ocho-veces-mas-que-2016\/\" target=\"_blank\" rel=\"noopener\">20 minutos<\/a>.<\/li>\n<\/ul>\n<\/li>\n<\/ul>\n","protected":false},"excerpt":{"rendered":"<p>[FIN-PROYECTO] Actividad de los Grupos Tem\u00e1ticos &#8211; Visi\u00f3n por Computador. Bolet\u00edn\u00a0 CEA &#8211; Comit\u00e9 Espa\u00f1ol de Autom\u00e1tica, diciembre 2017, www-ceautomatica.es, p\u00e1g. 11. &nbsp; Un experto acerca a los alumnos de la UCLM los peligros de las nuevas tecnolog\u00edas y c\u00f3mo ayudan a la persecuci\u00f3n de delitos. 15\/12\/2017 Lanza, ABC.es Agencias, enTomelloso.com. &nbsp; Incansable visi\u00f3n artificial <a href=\"http:\/\/www.visioncr.es\/index.php\/medios\/\" rel=\"nofollow\"><span class=\"sr-only\">Leer m\u00e1sMedios<\/span>[&hellip;]<\/a><\/p>\n","protected":false},"author":1,"featured_media":0,"parent":0,"menu_order":0,"comment_status":"closed","ping_status":"closed","template":"","meta":{"footnotes":""},"class_list":["post-29","page","type-page","status-publish","hentry"],"_links":{"self":[{"href":"http:\/\/www.visioncr.es\/index.php\/wp-json\/wp\/v2\/pages\/29","targetHints":{"allow":["GET"]}}],"collection":[{"href":"http:\/\/www.visioncr.es\/index.php\/wp-json\/wp\/v2\/pages"}],"about":[{"href":"http:\/\/www.visioncr.es\/index.php\/wp-json\/wp\/v2\/types\/page"}],"author":[{"embeddable":true,"href":"http:\/\/www.visioncr.es\/index.php\/wp-json\/wp\/v2\/users\/1"}],"replies":[{"embeddable":true,"href":"http:\/\/www.visioncr.es\/index.php\/wp-json\/wp\/v2\/comments?post=29"}],"version-history":[{"count":75,"href":"http:\/\/www.visioncr.es\/index.php\/wp-json\/wp\/v2\/pages\/29\/revisions"}],"predecessor-version":[{"id":837,"href":"http:\/\/www.visioncr.es\/index.php\/wp-json\/wp\/v2\/pages\/29\/revisions\/837"}],"wp:attachment":[{"href":"http:\/\/www.visioncr.es\/index.php\/wp-json\/wp\/v2\/media?parent=29"}],"curies":[{"name":"wp","href":"https:\/\/api.w.org\/{rel}","templated":true}]}}