{"id":282,"date":"2017-10-13T14:21:12","date_gmt":"2017-10-13T14:21:12","guid":{"rendered":"http:\/\/www.visioncr.es\/?page_id=282"},"modified":"2017-12-18T11:11:37","modified_gmt":"2017-12-18T11:11:37","slug":"conferencias","status":"publish","type":"page","link":"http:\/\/www.visioncr.es\/index.php\/conferencias\/","title":{"rendered":"Conferencias"},"content":{"rendered":"<p><strong>SORTEOS<\/strong>: Cualquier persona f\u00edsica que forme parte del p\u00fablico presente en cada una de las conferencias celebradas durante la 1a Semana de la Visi\u00f3n por Computador puede participar en el sorteo de dos (2) premios consistentes cada uno en una tarjeta regalo de Amazon valorada en cincuenta euros (50 \u20ac)<a href=\"http:\/\/www.visioncr.es\/wp-content\/uploads\/2017\/11\/BasesSorteosConferencias.pdf\" target=\"_blank\" rel=\"noopener\"> Ver Bases del Sorteos en Conferencias<\/a><\/p>\n<p><strong>Premiados<\/strong>: Ra\u00fal Murillo D., Samuel A. Prieto, Blanca Quintana G., Inma Ca\u00f1as P., Jos\u00e9 E. Gallego G., Jaime Fern\u00e1ndez-Bravo C., Carlos C\u00f3rdoba Ruiz, Ra\u00fal Murillo D. (recoge en nombre de alumno del IES Atenea de Ciudad Real).<\/p>\n<div class=\"row\">\n<div class=\"col-md-4\">\n<p><img decoding=\"async\" class=\"alignnone wp-image-323 size-thumbnail\" src=\"http:\/\/www.visioncr.es\/wp-content\/uploads\/2017\/10\/seguridad_visioncr.jpg\" alt=\"\" width=\"250\" \/><\/p>\n<h3>Martes 7 &#8211; 11:30hrs.<\/h3>\n<\/div>\n<div class=\"col-md-8\">\n<h3>SEGURIDAD y Visi\u00f3n por Computador<\/h3>\n<h4>Ponente: Prof. Dr. D. Enrique Alegre Guti\u00e9rrez<\/h4>\n<p>Profesor de la Universidad de Le\u00f3n.<\/p>\n<p>Investigador l\u00edder en esta \u00e1rea de investigaci\u00f3n en la Universidad de Le\u00f3n y el Instituto Nacional de Ciberseguridad (INCIBE) explicar\u00e1 en un lenguaje cercano en qu\u00e9 consisten algunos de los peligros a que nos exponen las nuevas tecnolog\u00edas y c\u00f3mo esta misma, en concreto la Visi\u00f3n por Computador, ayudan a los cuerpos y fuerza de seguridad del estado a la persecuci\u00f3n de delitos.<\/p>\n<p>Lugar: Escuela Superior de Inform\u00e1tica &#8211; P\u00ba de la Universidad 4<br \/>\nSal\u00f3n de Actos<br \/>\nEntrada libre hasta completar aforo<\/p>\n<p><em>NOTA: Por motivos ajenos a la organizaci\u00f3n, esta conferencia fue sustituida en el \u00faltimo momento por la titulada \u00abProyectos de Visi\u00f3n del Grupo VISILAB-UCLM\u00bb impartida por el prof. \u00d3scar D\u00e9niz Su\u00e1rez de la Universidad de Castilla-La Mancha y miembro del Grupo de Visi\u00f3n y Sistemas Inteligentes (VISILAB).<\/em><\/p>\n<p><a class=\"btn btn-lg btn-success\" href=\"http:\/\/www.visioncr.es\/index.php\/galeria#visilab\"><i class=\"fa fa-camera-retro fa-2x pull-left\"><\/i>Ver Fotos<\/a><\/p>\n<h3>La conferencia Seguridad y Visi\u00f3n por computador tendr\u00e1 lugar en la Escuela Superior de Inform\u00e1tica el Viernes 15 de diciembre a las 10:30 hrs.<\/h3>\n<p> <a class=\"btn btn-lg btn-success\" href=\"http:\/\/www.visioncr.es\/index.php\/galeria#enrique\"><i class=\"fa fa-camera-retro fa-2x pull-left\"><\/i>Ver Fotos<\/a> <a class=\"btn btn-lg btn-success\" href=\"https:\/\/youtu.be\/wdwn0jAByVQ\" target=\"_blank\" rel=\"noopener\"><i class=\"fa fa-youtube-play fa-2x pull-left\"><\/i>Ver V\u00eddeo<\/a>\n<\/div>\n<\/div>\n<p>&nbsp;<\/p>\n<div class=\"row\">\n<div class=\"col-md-4\">\n<p><img decoding=\"async\" class=\"alignnone wp-image-323 size-thumbnail\" src=\"http:\/\/www.visioncr.es\/wp-content\/uploads\/2017\/10\/vehiculos_visioncr.jpg\" alt=\"\" width=\"250\" \/><\/p>\n<h3>Mi\u00e9rc. 8 &#8211; 18:30hrs.<\/h3>\n<\/div>\n<div class=\"col-md-8\">\n<h3>Visi\u00f3n por computador en los VEH\u00cdCULOS AUT\u00d3NOMOS<\/h3>\n<h4>Ponente: Dr. D. Arturo de la Escalera Hueso<\/h4>\n<p>Profesor de la Universidad Carlos III de Madrid.<\/p>\n<p>Los veh\u00edculos aut\u00f3nomos son ya una realidad que est\u00e1 modificando el modo en que se realizan tareas llevadas a cabo por veh\u00edculos terrestres, marinos y a\u00e9reos. En concreto, el transporte terrestre de personas y mercanc\u00edas est\u00e1 siendo revolucionado por los sistemas sensoriales de asistencia a la conducci\u00f3n que har\u00e1n que el coche aut\u00f3nomo sin conductor sea un elemento presente en nuestras vidas en unas pocas d\u00e9cadas.<\/p>\n<p>Lugar: Colegio Oficial de Ingenieros Industriales de Madrid,<br \/>\nDelegaci\u00f3n de Ciudad Real &#8211; C\/ Conde de la Ca\u00f1ada 1<br \/>\nEntrada libre hasta completar aforo<\/p>\n<p><a class=\"btn btn-lg btn-success\" href=\"http:\/\/www.visioncr.es\/index.php\/galeria#coche\"><i class=\"fa fa-camera-retro fa-2x pull-left\"><\/i>Ver Fotos<\/a><\/p>\n<\/div>\n<\/div>\n<p>&nbsp;<\/p>\n<div class=\"row\">\n<div class=\"col-md-4\">\n<p><img decoding=\"async\" class=\"alignnone wp-image-323 size-thumbnail\" src=\"http:\/\/www.visioncr.es\/wp-content\/uploads\/2017\/10\/realidad_visioncr.jpg\" alt=\"\" width=\"250\" srcset=\"http:\/\/www.visioncr.es\/wp-content\/uploads\/2017\/10\/realidad_visioncr.jpg 1000w, http:\/\/www.visioncr.es\/wp-content\/uploads\/2017\/10\/realidad_visioncr-300x273.jpg 300w, http:\/\/www.visioncr.es\/wp-content\/uploads\/2017\/10\/realidad_visioncr-768x699.jpg 768w\" sizes=\"(max-width: 1000px) 100vw, 1000px\" \/><\/p>\n<h3>Jueves 9 &#8211; 19:00hrs.<\/h3>\n<\/div>\n<div class=\"col-md-8\">\n<h3>REALIDAD y FICCI\u00d3N de la visi\u00f3n por computador<\/h3>\n<h4>Ponente: Dr. D. David Mart\u00edn G\u00f3mez<\/h4>\n<p>Profesor de la Universidad Carlos III de Madrid.<\/p>\n<p>Mediante ejemplos sencillos y medios audiovisuales esta conferencia pretende acercar al p\u00fablico los principales avances en el \u00e1rea de la visi\u00f3n por computador (o visi\u00f3n artificial) y c\u00f3mo estos afectan a<br \/>\nnuestras vidas en la actualidad. El ponente tambi\u00e9n explicar\u00e1 cu\u00e1les son las fronteras actuales de estas tecnolog\u00edas para se\u00f1alar qu\u00e9 aspectos constituyen a\u00fan el futuro que pronto puede hacerse realidad.<\/p>\n<p>Lugar: Biblioteca P\u00fablica Ciudad Real<br \/>\nSal\u00f3n de Actos<br \/>\nEntrada libre hasta completar aforo<\/p>\n<p><a class=\"btn btn-lg btn-success\" href=\"http:\/\/www.visioncr.es\/index.php\/galeria#realidad\"><i class=\"fa fa-camera-retro fa-2x pull-left\"><\/i>Ver Fotos<\/a> <a class=\"btn btn-lg btn-success\" href=\"https:\/\/youtu.be\/gm3M6N1Qp8A\" target=\"_blank\" rel=\"noopener\"><i class=\"fa fa-youtube-play fa-2x pull-left\"><\/i>Ver V\u00eddeo<\/a><\/p>\n<\/div>\n<\/div>\n<p>&nbsp;<\/p>\n<div class=\"row\">\n<div class=\"col-md-4\">\n<p><img decoding=\"async\" class=\"alignnone wp-image-323 size-thumbnail\" src=\"http:\/\/www.visioncr.es\/wp-content\/uploads\/2017\/10\/espana_visioncr.jpg\" alt=\"\" width=\"250\" \/><\/p>\n<h3>Viernes 10 &#8211; 12:00hrs.<\/h3>\n<\/div>\n<div class=\"col-md-8\">\n<h3>Visi\u00f3n por computador en Espa\u00f1a FORMACI\u00d3N E INVESTIGACI\u00d3N<\/h3>\n<h4>Ponente: Dr. D. Gonzalo Pajares Martinsanz<\/h4>\n<p>Profesor de la Universidad Complutense de Madrid.<\/p>\n<p>Por su amplia experiencia como docente e investigador de prestigio en el \u00e1rea de la Visi\u00f3n por Computador, el ponente expondr\u00e1 una panor\u00e1mica del estado de la Visi\u00f3n por Computador en Espa\u00f1a y su proyecci\u00f3n profesional. De este modo los interesados en el \u00e1rea de la Visi\u00f3n Artificial tendr\u00e1n respuesta a cuestiones relativas a la adquisici\u00f3n de formaci\u00f3n en el \u00e1rea con un destino profesional en el mundo empresarial o un perfil centrado en la investigaci\u00f3n. Una descripci\u00f3n del panorama de la Visi\u00f3n por Computador en Espa\u00f1a por una de las autoridades nacionales en dicha \u00e1rea.<\/p>\n<p>Lugar: Escuela Superior de Inform\u00e1tica &#8211; P\u00ba de la Universidad 4<br \/>\nSal\u00f3n de Actos<br \/>\nEntrada libre hasta completar aforo<\/p>\n<p><a class=\"btn btn-lg btn-success\" href=\"http:\/\/www.visioncr.es\/index.php\/galeria#formacion\"><i class=\"fa fa-camera-retro fa-2x pull-left\"><\/i>Ver Fotos<\/a><\/p>\n<\/div>\n<\/div>\n","protected":false},"excerpt":{"rendered":"<p>SORTEOS: Cualquier persona f\u00edsica que forme parte del p\u00fablico presente en cada una de las conferencias celebradas durante la 1a Semana de la Visi\u00f3n por Computador puede participar en el sorteo de dos (2) premios consistentes cada uno en una tarjeta regalo de Amazon valorada en cincuenta euros (50 \u20ac) Ver Bases del Sorteos en <a href=\"http:\/\/www.visioncr.es\/index.php\/conferencias\/\" rel=\"nofollow\"><span class=\"sr-only\">Leer m\u00e1sConferencias<\/span>[&hellip;]<\/a><\/p>\n","protected":false},"author":1,"featured_media":0,"parent":0,"menu_order":0,"comment_status":"closed","ping_status":"closed","template":"","meta":{"footnotes":""},"class_list":["post-282","page","type-page","status-publish","hentry"],"_links":{"self":[{"href":"http:\/\/www.visioncr.es\/index.php\/wp-json\/wp\/v2\/pages\/282","targetHints":{"allow":["GET"]}}],"collection":[{"href":"http:\/\/www.visioncr.es\/index.php\/wp-json\/wp\/v2\/pages"}],"about":[{"href":"http:\/\/www.visioncr.es\/index.php\/wp-json\/wp\/v2\/types\/page"}],"author":[{"embeddable":true,"href":"http:\/\/www.visioncr.es\/index.php\/wp-json\/wp\/v2\/users\/1"}],"replies":[{"embeddable":true,"href":"http:\/\/www.visioncr.es\/index.php\/wp-json\/wp\/v2\/comments?post=282"}],"version-history":[{"count":98,"href":"http:\/\/www.visioncr.es\/index.php\/wp-json\/wp\/v2\/pages\/282\/revisions"}],"predecessor-version":[{"id":821,"href":"http:\/\/www.visioncr.es\/index.php\/wp-json\/wp\/v2\/pages\/282\/revisions\/821"}],"wp:attachment":[{"href":"http:\/\/www.visioncr.es\/index.php\/wp-json\/wp\/v2\/media?parent=282"}],"curies":[{"name":"wp","href":"https:\/\/api.w.org\/{rel}","templated":true}]}}