{"id":2,"date":"2017-10-11T13:55:03","date_gmt":"2017-10-11T13:55:03","guid":{"rendered":"http:\/\/www.visioncr.es\/?page_id=2"},"modified":"2017-11-14T10:15:58","modified_gmt":"2017-11-14T10:15:58","slug":"visionporcomputador","status":"publish","type":"page","link":"http:\/\/www.visioncr.es\/index.php\/visionporcomputador\/","title":{"rendered":"Visi\u00f3n por computador"},"content":{"rendered":"<p>&nbsp;<\/p>\n<div id=\"bne-carousel-133\" class=\"bne-gallery-extended bne-gallery-carousel-wrapper clearfix\"><script type=\"text\/javascript\">\r\n\t\t\t\t\t\t\t\t\tjQuery(document).ready(function($) {\r\n\t\t\t\t\t\t\t\t\t\t$(window).load(function() {\r\n\t\t\t\t\t\t\t\t\t\t\t$(\"#bne-carousel-133 .carousel-slider\").roundabout({\r\n\t\t\t\t\t\t\t\t\t\t\t\tbtnNext: \"#bne-carousel-133 .next\",\r\n\t\t\t\t\t\t\t\t     \t\t\tbtnPrev: \"#bne-carousel-133 .prev\",\r\n\t\t\t\t\t\t\t\t     \t\t\tresponsive: true,\r\n\t\t\t\t\t\t\t\t     \t\t\t\r\n\t\t\t\t\t\t\t\t     \t\t\tminOpacity: 0.1,\r\n\t\t\t\t\t\t\t\t     \t\t\tminScale: 0.1\r\n\t\t\t\t\t\t\t\t\t\t\t}).parent().find(\".bne-gallery-loader\").fadeOut();\r\n\t\t\t\t\t\t\t\t\t\t\t$(\"#bne-carousel-133 .carousel-slider .slide\").fadeIn();\r\n\t\t\t\t\t\t\t\t\t\t});\r\n\t\t\t\t\t\t\t\t\t});\r\n\t\t\t\t\t\t\t\t<\/script><div class=\"slider-inner\"><div class=\"bne-gallery-loader\"><div class=\"bounce1\"><\/div><div class=\"bounce2\"><\/div><div class=\"bounce3\"><\/div><\/div><div class=\"roundabout-nav\"><a href=\"#\" title=\"Previous\" class=\"prev\"><i class=\"fa fa-arrow-circle-left\"><\/i><\/a><a href=\"#\" title=\"Next\" class=\"next\"><i class=\"fa fa-arrow-circle-right\"><\/i><\/a><\/div><ul class=\"carousel-slider gallery\"><li class=\"slide gallery-item image-id-223\"><a href='http:\/\/www.visioncr.es\/wp-content\/uploads\/2017\/10\/visilab_color.png'><img loading=\"lazy\" decoding=\"async\" width=\"212\" height=\"300\" src=\"http:\/\/www.visioncr.es\/wp-content\/uploads\/2017\/10\/visilab_color-212x300.png\" class=\"attachment-medium size-medium\" alt=\"\" srcset=\"http:\/\/www.visioncr.es\/wp-content\/uploads\/2017\/10\/visilab_color-212x300.png 212w, http:\/\/www.visioncr.es\/wp-content\/uploads\/2017\/10\/visilab_color-768x1086.png 768w, http:\/\/www.visioncr.es\/wp-content\/uploads\/2017\/10\/visilab_color-724x1024.png 724w, http:\/\/www.visioncr.es\/wp-content\/uploads\/2017\/10\/visilab_color.png 800w\" sizes=\"auto, (max-width: 212px) 100vw, 212px\" \/><\/a><\/li><li class=\"slide gallery-item image-id-218\"><a href='http:\/\/www.visioncr.es\/wp-content\/uploads\/2017\/10\/visilab_ojo.png'><img loading=\"lazy\" decoding=\"async\" width=\"212\" height=\"300\" src=\"http:\/\/www.visioncr.es\/wp-content\/uploads\/2017\/10\/visilab_ojo-212x300.png\" class=\"attachment-medium size-medium\" alt=\"\" srcset=\"http:\/\/www.visioncr.es\/wp-content\/uploads\/2017\/10\/visilab_ojo-212x300.png 212w, http:\/\/www.visioncr.es\/wp-content\/uploads\/2017\/10\/visilab_ojo-768x1086.png 768w, http:\/\/www.visioncr.es\/wp-content\/uploads\/2017\/10\/visilab_ojo-724x1024.png 724w, http:\/\/www.visioncr.es\/wp-content\/uploads\/2017\/10\/visilab_ojo.png 800w\" sizes=\"auto, (max-width: 212px) 100vw, 212px\" \/><\/a><\/li><li class=\"slide gallery-item image-id-221\"><a href='http:\/\/www.visioncr.es\/wp-content\/uploads\/2017\/10\/visilab_vision_artificial.png'><img loading=\"lazy\" decoding=\"async\" width=\"212\" height=\"300\" src=\"http:\/\/www.visioncr.es\/wp-content\/uploads\/2017\/10\/visilab_vision_artificial-212x300.png\" class=\"attachment-medium size-medium\" alt=\"\" srcset=\"http:\/\/www.visioncr.es\/wp-content\/uploads\/2017\/10\/visilab_vision_artificial-212x300.png 212w, http:\/\/www.visioncr.es\/wp-content\/uploads\/2017\/10\/visilab_vision_artificial-768x1086.png 768w, http:\/\/www.visioncr.es\/wp-content\/uploads\/2017\/10\/visilab_vision_artificial-724x1024.png 724w, http:\/\/www.visioncr.es\/wp-content\/uploads\/2017\/10\/visilab_vision_artificial.png 800w\" sizes=\"auto, (max-width: 212px) 100vw, 212px\" \/><\/a><\/li><li class=\"slide gallery-item image-id-220\"><a href='http:\/\/www.visioncr.es\/wp-content\/uploads\/2017\/10\/visilab_procesamiento.png'><img loading=\"lazy\" decoding=\"async\" width=\"212\" height=\"300\" src=\"http:\/\/www.visioncr.es\/wp-content\/uploads\/2017\/10\/visilab_procesamiento-212x300.png\" class=\"attachment-medium size-medium\" alt=\"\" srcset=\"http:\/\/www.visioncr.es\/wp-content\/uploads\/2017\/10\/visilab_procesamiento-212x300.png 212w, http:\/\/www.visioncr.es\/wp-content\/uploads\/2017\/10\/visilab_procesamiento-768x1086.png 768w, http:\/\/www.visioncr.es\/wp-content\/uploads\/2017\/10\/visilab_procesamiento-724x1024.png 724w, http:\/\/www.visioncr.es\/wp-content\/uploads\/2017\/10\/visilab_procesamiento.png 800w\" sizes=\"auto, (max-width: 212px) 100vw, 212px\" \/><\/a><\/li><li class=\"slide gallery-item image-id-216\"><a href='http:\/\/www.visioncr.es\/wp-content\/uploads\/2017\/10\/visilab_aplicaciones.png'><img loading=\"lazy\" decoding=\"async\" width=\"212\" height=\"300\" src=\"http:\/\/www.visioncr.es\/wp-content\/uploads\/2017\/10\/visilab_aplicaciones-212x300.png\" class=\"attachment-medium size-medium\" alt=\"\" srcset=\"http:\/\/www.visioncr.es\/wp-content\/uploads\/2017\/10\/visilab_aplicaciones-212x300.png 212w, http:\/\/www.visioncr.es\/wp-content\/uploads\/2017\/10\/visilab_aplicaciones-768x1086.png 768w, http:\/\/www.visioncr.es\/wp-content\/uploads\/2017\/10\/visilab_aplicaciones-724x1024.png 724w, http:\/\/www.visioncr.es\/wp-content\/uploads\/2017\/10\/visilab_aplicaciones.png 800w\" sizes=\"auto, (max-width: 212px) 100vw, 212px\" \/><\/a><\/li><li class=\"slide gallery-item image-id-222\"><a href='http:\/\/www.visioncr.es\/wp-content\/uploads\/2017\/10\/visilab_ilusiones.png'><img loading=\"lazy\" decoding=\"async\" width=\"212\" height=\"300\" src=\"http:\/\/www.visioncr.es\/wp-content\/uploads\/2017\/10\/visilab_ilusiones-212x300.png\" class=\"attachment-medium size-medium\" alt=\"\" srcset=\"http:\/\/www.visioncr.es\/wp-content\/uploads\/2017\/10\/visilab_ilusiones-212x300.png 212w, http:\/\/www.visioncr.es\/wp-content\/uploads\/2017\/10\/visilab_ilusiones-768x1086.png 768w, http:\/\/www.visioncr.es\/wp-content\/uploads\/2017\/10\/visilab_ilusiones-724x1024.png 724w, http:\/\/www.visioncr.es\/wp-content\/uploads\/2017\/10\/visilab_ilusiones.png 800w\" sizes=\"auto, (max-width: 212px) 100vw, 212px\" \/><\/a><\/li><li class=\"slide gallery-item image-id-217\"><a href='http:\/\/www.visioncr.es\/wp-content\/uploads\/2017\/10\/visilab_vision_estereoscopica.png'><img loading=\"lazy\" decoding=\"async\" width=\"212\" height=\"300\" src=\"http:\/\/www.visioncr.es\/wp-content\/uploads\/2017\/10\/visilab_vision_estereoscopica-212x300.png\" class=\"attachment-medium size-medium\" alt=\"\" srcset=\"http:\/\/www.visioncr.es\/wp-content\/uploads\/2017\/10\/visilab_vision_estereoscopica-212x300.png 212w, http:\/\/www.visioncr.es\/wp-content\/uploads\/2017\/10\/visilab_vision_estereoscopica-768x1086.png 768w, http:\/\/www.visioncr.es\/wp-content\/uploads\/2017\/10\/visilab_vision_estereoscopica-724x1024.png 724w, http:\/\/www.visioncr.es\/wp-content\/uploads\/2017\/10\/visilab_vision_estereoscopica.png 800w\" sizes=\"auto, (max-width: 212px) 100vw, 212px\" \/><\/a><\/li><\/ul><!-- .carousel-slider (end) --><\/div><!-- .slider-inner (end) --><\/div><!-- #bne-carousel-133 (end) -->\n<p>La visi\u00f3n por computador en la Universidad de Castilla-La Mancha (Ciudad Real)<\/p>\n<div id=\"bne-carousel-863\" class=\"bne-gallery-extended bne-gallery-carousel-wrapper clearfix\"><script type=\"text\/javascript\">\r\n\t\t\t\t\t\t\t\t\tjQuery(document).ready(function($) {\r\n\t\t\t\t\t\t\t\t\t\t$(window).load(function() {\r\n\t\t\t\t\t\t\t\t\t\t\t$(\"#bne-carousel-863 .carousel-slider\").roundabout({\r\n\t\t\t\t\t\t\t\t\t\t\t\tbtnNext: \"#bne-carousel-863 .next\",\r\n\t\t\t\t\t\t\t\t     \t\t\tbtnPrev: \"#bne-carousel-863 .prev\",\r\n\t\t\t\t\t\t\t\t     \t\t\tresponsive: true,\r\n\t\t\t\t\t\t\t\t     \t\t\t\r\n\t\t\t\t\t\t\t\t     \t\t\tminOpacity: 0.1,\r\n\t\t\t\t\t\t\t\t     \t\t\tminScale: 0.1\r\n\t\t\t\t\t\t\t\t\t\t\t}).parent().find(\".bne-gallery-loader\").fadeOut();\r\n\t\t\t\t\t\t\t\t\t\t\t$(\"#bne-carousel-863 .carousel-slider .slide\").fadeIn();\r\n\t\t\t\t\t\t\t\t\t\t});\r\n\t\t\t\t\t\t\t\t\t});\r\n\t\t\t\t\t\t\t\t<\/script><div class=\"slider-inner\"><div class=\"bne-gallery-loader\"><div class=\"bounce1\"><\/div><div class=\"bounce2\"><\/div><div class=\"bounce3\"><\/div><\/div><div class=\"roundabout-nav\"><a href=\"#\" title=\"Previous\" class=\"prev\"><i class=\"fa fa-arrow-circle-left\"><\/i><\/a><a href=\"#\" title=\"Next\" class=\"next\"><i class=\"fa fa-arrow-circle-right\"><\/i><\/a><\/div><ul class=\"carousel-slider gallery\"><li class=\"slide gallery-item image-id-219\"><a href='http:\/\/www.visioncr.es\/wp-content\/uploads\/2017\/10\/uclm_visilab.png'><img loading=\"lazy\" decoding=\"async\" width=\"212\" height=\"300\" src=\"http:\/\/www.visioncr.es\/wp-content\/uploads\/2017\/10\/uclm_visilab-212x300.png\" class=\"attachment-medium size-medium\" alt=\"\" srcset=\"http:\/\/www.visioncr.es\/wp-content\/uploads\/2017\/10\/uclm_visilab-212x300.png 212w, http:\/\/www.visioncr.es\/wp-content\/uploads\/2017\/10\/uclm_visilab-768x1086.png 768w, http:\/\/www.visioncr.es\/wp-content\/uploads\/2017\/10\/uclm_visilab-724x1024.png 724w, http:\/\/www.visioncr.es\/wp-content\/uploads\/2017\/10\/uclm_visilab.png 800w\" sizes=\"auto, (max-width: 212px) 100vw, 212px\" \/><\/a><\/li><li class=\"slide gallery-item image-id-215\"><a href='http:\/\/www.visioncr.es\/wp-content\/uploads\/2017\/10\/uclm_ed.png'><img loading=\"lazy\" decoding=\"async\" width=\"212\" height=\"300\" src=\"http:\/\/www.visioncr.es\/wp-content\/uploads\/2017\/10\/uclm_ed-212x300.png\" class=\"attachment-medium size-medium\" alt=\"\" srcset=\"http:\/\/www.visioncr.es\/wp-content\/uploads\/2017\/10\/uclm_ed-212x300.png 212w, http:\/\/www.visioncr.es\/wp-content\/uploads\/2017\/10\/uclm_ed-768x1086.png 768w, http:\/\/www.visioncr.es\/wp-content\/uploads\/2017\/10\/uclm_ed-724x1024.png 724w, http:\/\/www.visioncr.es\/wp-content\/uploads\/2017\/10\/uclm_ed.png 800w\" sizes=\"auto, (max-width: 212px) 100vw, 212px\" \/><\/a><\/li><li class=\"slide gallery-item image-id-224\"><a href='http:\/\/www.visioncr.es\/wp-content\/uploads\/2017\/10\/uclm_MAmi.png'><img loading=\"lazy\" decoding=\"async\" width=\"212\" height=\"300\" src=\"http:\/\/www.visioncr.es\/wp-content\/uploads\/2017\/10\/uclm_MAmi-212x300.png\" class=\"attachment-medium size-medium\" alt=\"\" srcset=\"http:\/\/www.visioncr.es\/wp-content\/uploads\/2017\/10\/uclm_MAmi-212x300.png 212w, http:\/\/www.visioncr.es\/wp-content\/uploads\/2017\/10\/uclm_MAmi-768x1086.png 768w, http:\/\/www.visioncr.es\/wp-content\/uploads\/2017\/10\/uclm_MAmi-724x1024.png 724w, http:\/\/www.visioncr.es\/wp-content\/uploads\/2017\/10\/uclm_MAmi.png 800w\" sizes=\"auto, (max-width: 212px) 100vw, 212px\" \/><\/a><\/li><\/ul><!-- .carousel-slider (end) --><\/div><!-- .slider-inner (end) --><\/div><!-- #bne-carousel-863 (end) -->\n<p><a class=\"btn btn-lg btn-success\" href=\"http:\/\/www.visioncr.es\/index.php\/galeria#biblioteca\"><i class=\"fa fa-camera-retro fa-2x pull-left\"><\/i>Ver Fotos de la exposici\u00f3n<\/a> <a class=\"btn btn-lg btn-success\" href=\"https:\/\/youtu.be\/Mpv3vAf65E4\" target=_blank><i class=\"fa fa-youtube-play fa-2x pull-left\"><\/i>Ver V\u00eddeo<\/a><\/p>\n","protected":false},"excerpt":{"rendered":"<p>&nbsp; La visi\u00f3n por computador en la Universidad de Castilla-La Mancha (Ciudad Real) Ver Fotos de la exposici\u00f3n Ver V\u00eddeo<\/p>\n","protected":false},"author":1,"featured_media":0,"parent":0,"menu_order":0,"comment_status":"closed","ping_status":"closed","template":"","meta":{"footnotes":""},"class_list":["post-2","page","type-page","status-publish","hentry"],"_links":{"self":[{"href":"http:\/\/www.visioncr.es\/index.php\/wp-json\/wp\/v2\/pages\/2","targetHints":{"allow":["GET"]}}],"collection":[{"href":"http:\/\/www.visioncr.es\/index.php\/wp-json\/wp\/v2\/pages"}],"about":[{"href":"http:\/\/www.visioncr.es\/index.php\/wp-json\/wp\/v2\/types\/page"}],"author":[{"embeddable":true,"href":"http:\/\/www.visioncr.es\/index.php\/wp-json\/wp\/v2\/users\/1"}],"replies":[{"embeddable":true,"href":"http:\/\/www.visioncr.es\/index.php\/wp-json\/wp\/v2\/comments?post=2"}],"version-history":[{"count":34,"href":"http:\/\/www.visioncr.es\/index.php\/wp-json\/wp\/v2\/pages\/2\/revisions"}],"predecessor-version":[{"id":762,"href":"http:\/\/www.visioncr.es\/index.php\/wp-json\/wp\/v2\/pages\/2\/revisions\/762"}],"wp:attachment":[{"href":"http:\/\/www.visioncr.es\/index.php\/wp-json\/wp\/v2\/media?parent=2"}],"curies":[{"name":"wp","href":"https:\/\/api.w.org\/{rel}","templated":true}]}}